{"id":11647,"date":"2024-11-20T09:23:18","date_gmt":"2024-11-20T08:23:18","guid":{"rendered":"https:\/\/help.metashare.com\/?page_id=11647"},"modified":"2024-11-20T09:23:18","modified_gmt":"2024-11-20T08:23:18","slug":"metashare-hjalp","status":"publish","type":"page","link":"https:\/\/help.metashare.com\/sv\/","title":{"rendered":"MetaShare Hj\u00e4lp"},"content":{"rendered":"\n<p>V\u00e4lkommen till MetaShares hj\u00e4lpsidor. V\u00e4lj produkten nedan som du beh\u00f6ver hj\u00e4lp med. <\/p>\n\n<p>F\u00f6r tillf\u00e4llet, \u00e4r hj\u00e4lpsidorna endast tillg\u00e4ngliga p\u00e5 engelska.<\/p>\n<nav class=\"menu-primary-swedish-container\"><ul id=\"menu-primary-swedish\" class=\"menu menu-widget\"><li id=\"menu-item-11643\" class=\"menu-item menu-item-type-custom menu-item-object-custom menu-item-11643\"><a href=\"https:\/\/help.metashare.com\/en\/metashare\/\">MetaShare<\/a><\/li>\n<li id=\"menu-item-11644\" class=\"menu-item menu-item-type-custom menu-item-object-custom menu-item-11644\"><a href=\"https:\/\/help.metashare.com\/en\/orbit\/\">MetaShare Orbit<\/a><\/li>\n<li id=\"menu-item-11645\" class=\"back-to-metashare menu-item menu-item-type-custom menu-item-object-custom menu-item-11645\"><a target=\"_blank\" href=\"https:\/\/ways.se\/sv\/\">Om oss<\/a><\/li>\n<\/ul><\/nav>\n","protected":false},"excerpt":{"rendered":"<p>V\u00e4lkommen till MetaShares hj\u00e4lpsidor. V\u00e4lj produkten nedan som du beh\u00f6ver hj\u00e4lp med. F\u00f6r tillf\u00e4llet, \u00e4r hj\u00e4lpsidorna endast tillg\u00e4ngliga p\u00e5 engelska.<\/p>\n","protected":false},"author":7,"featured_media":0,"parent":0,"menu_order":0,"comment_status":"closed","ping_status":"closed","template":"","meta":{"footnotes":""},"class_list":{"0":"post-11647","1":"page","2":"type-page","3":"status-publish","5":"no-featured-image-padding"},"_links":{"self":[{"href":"https:\/\/help.metashare.com\/sv\/wp-json\/wp\/v2\/pages\/11647","targetHints":{"allow":["GET"]}}],"collection":[{"href":"https:\/\/help.metashare.com\/sv\/wp-json\/wp\/v2\/pages"}],"about":[{"href":"https:\/\/help.metashare.com\/sv\/wp-json\/wp\/v2\/types\/page"}],"author":[{"embeddable":true,"href":"https:\/\/help.metashare.com\/sv\/wp-json\/wp\/v2\/users\/7"}],"replies":[{"embeddable":true,"href":"https:\/\/help.metashare.com\/sv\/wp-json\/wp\/v2\/comments?post=11647"}],"version-history":[{"count":1,"href":"https:\/\/help.metashare.com\/sv\/wp-json\/wp\/v2\/pages\/11647\/revisions"}],"predecessor-version":[{"id":11648,"href":"https:\/\/help.metashare.com\/sv\/wp-json\/wp\/v2\/pages\/11647\/revisions\/11648"}],"wp:attachment":[{"href":"https:\/\/help.metashare.com\/sv\/wp-json\/wp\/v2\/media?parent=11647"}],"curies":[{"name":"wp","href":"https:\/\/api.w.org\/{rel}","templated":true}]}}